{"id":1868,"date":"2026-04-25T08:45:21","date_gmt":"2026-04-25T08:45:21","guid":{"rendered":"https:\/\/www.creatyves-chocolats.com\/index.php\/actualites-17\/"},"modified":"2026-04-25T08:45:31","modified_gmt":"2026-04-25T08:45:31","slug":"actualites-17","status":"publish","type":"page","link":"https:\/\/www.creatyves-chocolats.com\/index.php\/actualites-17\/","title":{"rendered":"Actualit\u00e9s"},"content":{"rendered":"\n  \n    <section class=\"u-align-center u-clearfix u-container-align-center-lg u-container-align-center-xl u-valign-bottom-lg u-valign-bottom-sm u-section-1\" id=\"sec-9ab9\" data-href=\"https:\/\/www.creatyves-chocolats.com\/index.php\/actualites-17\/\" title=\"Actualit\u00e9s\">\n      <h1 class=\"u-align-left u-text u-text-palette-3-dark-1 u-text-1\"> Actualit\u00e9s Choco-Ne\u200bws<\/h1>\n      <img decoding=\"async\" class=\"u-image u-image-contain u-image-default u-image-1\" src=\"https:\/\/www.creatyves-chocolats.com\/wp-content\/uploads\/2026\/04\/logochoconews-1.jpg\" alt=\"\" data-image-width=\"1576\" data-image-height=\"1676\">\n      <p class=\"u-align-left u-text u-text-2\"><span style=\"font-size: 1.5rem;\" class=\"u-text-palette-3-dark-1\">\n          <br>Un nouveau site ?<\/span>\n        <br><span style=\"font-size: 0.875rem;\">Le site Choco-cards est abandonn\u00e9&nbsp;<br>au profit de&nbsp;<\/span><span style=\"font-size: 0.875rem;\"> https:\/\/www.creatyves-chocolats.com&nbsp;<br>pour mieux mettre en valeur&nbsp;l'ensemble des r\u00e9alisations.&nbsp;<br>D\u00e9couvrez un site tout neuf avec&nbsp; un nouveau visuel.<br>Creatyves-chocolats s'affiche d\u00e9sormais sous son nom d'origine avec un h\u00e9bergement s\u00e9curis\u00e9 en SSL&nbsp;&nbsp;chez l'h\u00e9bergeur OVH.<br>\n          <br><span style=\"font-weight: 700;\">Retrouvez-nous d\u00e9sormais ici :&nbsp;&nbsp;<\/span>\n          <br>https:\/\/www.creatyves-chocolats.com .&nbsp;&nbsp;<br><\/span><span style=\"font-size: 1.25rem;\"><span style=\"font-size: 0.875rem;\">Mail: contact@creatyves-chocolats.com&nbsp;<\/span>&nbsp;<\/span>\n        <br>\n        <br>\n        <br><span style=\"font-size: 1.5rem;\" class=\"u-text-palette-3-dark-1\">Creatyves, l'invit\u00e9 de la radio&nbsp;Ici Alsace<\/span>&nbsp; &nbsp; &nbsp; &nbsp; &nbsp; &nbsp; &nbsp; &nbsp; &nbsp; &nbsp; &nbsp; &nbsp; &nbsp; &nbsp; &nbsp; &nbsp; &nbsp; &nbsp; &nbsp; &nbsp; &nbsp; &nbsp; &nbsp; &nbsp; &nbsp; &nbsp; &nbsp; &nbsp; &nbsp; &nbsp; &nbsp; &nbsp; &nbsp; &nbsp; &nbsp; &nbsp; &nbsp; &nbsp; &nbsp; &nbsp; &nbsp; &nbsp; &nbsp; &nbsp; &nbsp; &nbsp; &nbsp; &nbsp; &nbsp; &nbsp; &nbsp; &nbsp; &nbsp; &nbsp; &nbsp; &nbsp; &nbsp; &nbsp; &nbsp; &nbsp; &nbsp; &nbsp; &nbsp; &nbsp; &nbsp; &nbsp; &nbsp; &nbsp; &nbsp; &nbsp; &nbsp; &nbsp; &nbsp; &nbsp; &nbsp; &nbsp; &nbsp; &nbsp; &nbsp; &nbsp; &nbsp; &nbsp; &nbsp; &nbsp; &nbsp; &nbsp; &nbsp; &nbsp; &nbsp; &nbsp; &nbsp; &nbsp; &nbsp; &nbsp; &nbsp; &nbsp; &nbsp; &nbsp; &nbsp; &nbsp; &nbsp; &nbsp; &nbsp; &nbsp; &nbsp; &nbsp; &nbsp; &nbsp; &nbsp; &nbsp; &nbsp; &nbsp; &nbsp; &nbsp; &nbsp; &nbsp; &nbsp; &nbsp; &nbsp; &nbsp; &nbsp; &nbsp; &nbsp; &nbsp;&nbsp;<br>&nbsp; &nbsp; &nbsp; &nbsp; &nbsp; &nbsp; &nbsp; &nbsp; &nbsp; &nbsp; &nbsp; &nbsp; &nbsp;<br><span style=\"font-size: 0.875rem;\">- D\u00e9couvrez le podcast de l'\u00e9mission d'Yzabel Chalaye.<br>- D'o\u00f9 vous vient cette passion du chocolat?<br>- Quel est votre parcours ?<br>- O\u00f9 cherchez-vous vos inspirations pour vos chocolats tr\u00e8s originaux?&nbsp;<br>Ecoutez ici le podcast de&nbsp; \"Bienvenue chez vous: on passe en cuisine\" ...&nbsp;<br>enfin au labo pour moi !&nbsp;<\/span>\n        <br>\n        <br>\n        <br><span style=\"font-size: 1.5rem;\" class=\"u-text-palette-3-dark-1\">C'est l'\u00e9t\u00e9,&nbsp;le moment de chercher l'inspiration&nbsp;<\/span>\n        <br><span style=\"font-size: 0.875rem;\">Pour chaque nouvelle collection de pralines, c'est au gr\u00e9 des balades que viennent les id\u00e9es et aussi en puisant dans mes&nbsp;<br>\"Arch'Yves et mes Grimoires\".<br>Un march\u00e9 de province et des produits authentiques .... pourquoi ne pas faire une ganache, une cr\u00e8me et encore une id\u00e9e...<br>La prochaine collection de pralines pour No\u00ebl se fera avec mes incontournables, des amandes et des noisettes, des saveurs d'agrumes et des originalit\u00e9s mais pas d'excentricit\u00e9!<br>Juste fondre de plaisir pour faire plaisir. Des chocolats \u00e0 offrir et \u00e0 s'offrir pour fondre de plaisir.<\/span>\n        <br><span class=\"u-text-palette-3-dark-1\">\n          <br><span style=\"font-size: 1.5rem;\">Pourquoi choisir un chocolatier artisanal ?<\/span><\/span>\n        <br>&nbsp;<span style=\"font-size: 0.875rem;\">Ce n\u2019est pas juste une question de prestige,&nbsp;&nbsp;c\u2019est surtout\nune diff\u00e9rence de qualit\u00e9, de savoir-faire et d\u2019exp\u00e9rience.&nbsp;<br>Les grandes surfaces et les points de vente des enseignes\nsp\u00e9cialis\u00e9es&nbsp; sont des fabrications industrielles.&nbsp;<br>Certaines boutiques ne fabriquent pas tous leurs chocolats&nbsp; et mettent en vitrine des chocolats d\u00e9congel\u00e9s d'industriels sp\u00e9cialis\u00e9s. H\u00e9las une utilisation de ces produits, n'oblige pas le vendeur \u00e0 l'afficher !<br>&nbsp;Les vrais artisans recherchent d\u2019abord la <b>qualit\u00e9 des\ningr\u00e9dients<\/b>.&nbsp;<br>Un artisan travaille avec du chocolat de couverture haut de\ngamme, parfois issu de plantations sp\u00e9cifiques, avec une tra\u00e7abilit\u00e9 plus\nclaire.&nbsp;<br>Les cha\u00eenes sp\u00e9cialis\u00e9es ou l\u2019industrie utilisent plus volontiers des\nrecettes standardis\u00e9es, parfois avec davantage de sucre, de mati\u00e8res grasses\najout\u00e9es ou d\u2019ar\u00f4mes pour uniformiser le go\u00fbt.&nbsp;<br>Un chocolatier\nartisanal travaille son chocolat&nbsp; \u00e0 la main et r\u00e9alise ses d\u00e9cors, ce qui joue \u00e9norm\u00e9ment sur la qualit\u00e9 finale, (le fameux \u201ccraquant\u201d du chocolat) et la finesse des ganaches.<br>Dans une\nproduction industrielle, beaucoup d\u2019\u00e9tapes sont automatis\u00e9es, ce qui privil\u00e9gie\nla r\u00e9gularit\u00e9\u2026 mais peut sacrifier la subtilit\u00e9.&nbsp;<br>Autre point important : la <b>cr\u00e9ativit\u00e9 et la saisonnalit\u00e9<\/b>.\nLes artisans proposent souvent des collections qui \u00e9voluent avec les saisons,\ndes associations originales (\u00e9pices, plantes, alcools, fruits rares).&nbsp;<br>\u00c0\nl\u2019inverse, les cha\u00eenes misent sur des produits qui plaisent au plus grand\nnombre, donc plus consensuels.&nbsp;<br>Il y a aussi la <b>fra\u00eecheur<\/b>. Les chocolats artisanaux\ncontiennent moins de conservateurs et sont produits en plus petites quantit\u00e9s,\ndonc souvent plus frais , ce qui change beaucoup pour les ganaches ou pralin\u00e9s.&nbsp;<br>Enfin, l\u2019<b>exp\u00e9rience<\/b>. Aller chez un artisan, c\u2019est\nsouvent b\u00e9n\u00e9ficier de conseils personnalis\u00e9s, &nbsp;d\u00e9couvrir des produits uniques, et parfois\nm\u00eame comprendre l\u2019origine du cacao.&nbsp;<br>C\u2019est un achat plus \u201cvivant\u201d que de prendre\nune bo\u00eete standard en rayon.&nbsp; &nbsp;&nbsp;<\/span>\n        <br><span style=\"font-size: 1.5rem;\" class=\"u-text-palette-3-dark-1\">\n          <br><b>Pourquoi choisir Cr\u00e9at\u2019yves Chocolats&nbsp;?<\/b>&nbsp;<\/span>\n        <br><span style=\"font-size: 0.875rem;\">Chez <span style=\"font-weight: 700;\">Creat\u2019yves, <b>tout est fabriqu\u00e9 \u00e0 la main et en\npetites quantit\u00e9s<\/b><\/span>, uniquement sur commande pour P\u00e2ques ou No\u00ebl. \n&nbsp;<br><span style=\"font-weight: 700;\">\u00c7a change tout : <\/span>\n          <br>Ici pas\n     de production industrielle,&nbsp;Pas\n     de stock ,&nbsp;Des chocolats\n     fra\u00eechement produits <br> Moins\n     de sucres pour laisser s\u2019exprimer les ar\u00f4mes <br> Pas de\n     mati\u00e8res grasses autres que le beurre de cacao, le beurre AOC et la cr\u00e8me\n     fra\u00eeche.<br> Oui\n     la dur\u00e9e de conservation est volontairement r\u00e9duite. <br> Le chocolat\n     est travaill\u00e9 \u00e0 la main et le pralin\u00e9 est fait maison \u00e0 l\u2019ancienne<br>\n          <br><b><span style=\"text-decoration: underline !important;\">La Qualit\u00e9 des ingr\u00e9dients est assum\u00e9e<\/span><\/b><span style=\"text-decoration: underline !important;\">&nbsp;.<\/span>\n          <br>Uniquement du <b>chocolat pur beurre de cacao<\/b> et une s\u00e9lection\nrigoureuse des ingr\u00e9dients.<br>- &nbsp;Du beurre AOC, de\nla cr\u00e8me AOC Alsace lait label rouge, des ingr\u00e9dients locaux et des origines particuli\u00e8res.<br>- Les noisettes viennent du Pi\u00e9mont, Les liqueurs sont achet\u00e9es sur les endroits\nde production.<br>- Les ar\u00f4mes sont d\u2019origine naturelle&nbsp; (huiles essentielles,&nbsp; liqueurs).&nbsp;<br>La menthe intense est fabriqu\u00e9e avec la menthe du jardin,\ntout comme la verveine citronn\u00e9e, les framboises aussi.<br>Les fraises des bois\nsont cueillies dans la for\u00eat de Kembs.&nbsp;<br>\n          <br><span style=\"text-decoration: underline !important;\">&nbsp;<b>L\u2019\u00e9quilibre des saveurs et une\noriginalit\u00e9 des cr\u00e9ations font la fiert\u00e9 de Cr\u00e9at'yves Chocolats.<\/b>&nbsp;<\/span>\n          <br>Des associations originales, mais jamais excentriques\n.&nbsp;&nbsp;<br>Une recherche constante de l\u2019\u00e9quilibre des saveurs des\nganaches et du chocolat d\u2019enrobage en accord , pour un vrai plaisir de d\u00e9gustation.&nbsp;<br>Les chocolats sont des cocktails de saveurs subtiles pour une\nd\u00e9gustation intense.&nbsp;<br>Pour des cr\u00e9ations originales, choisissez&nbsp; &nbsp;<b>Cr\u00e9at\u2019yves chocolats, un artisan passionn\u00e9.<\/b>&nbsp;&nbsp;&nbsp;<\/span>\n        <br>\n        <br>\n        <br>\n        <br>\n        <br>\n        <br>\n        <br>\n      <\/p>\n      <img decoding=\"async\" class=\"u-image u-image-default u-image-2\" src=\"https:\/\/www.creatyves-chocolats.com\/wp-content\/uploads\/2026\/04\/studiicialsace-1.jpg\" alt=\"\" data-image-width=\"960\" data-image-height=\"640\" data-href=\"https:\/\/youtu.be\/vddckHSJGaI \" title=\"podcast ici Alsace\" data-target=\"_blank\">\n      <h1 class=\"u-align-left u-text u-text-custom-color-4 u-text-3\">\n        <a class=\"u-active-none u-border-none u-btn u-button-link u-button-style u-hover-none u-none u-text-palette-1-base u-btn-1\" href=\"https:\/\/youtu.be\/vddckHSJGaI \">Cliquez ici &gt;<\/a>\n      <\/h1>\n      <div class=\"u-expanded-width u-palette-3-dark-1 u-shape u-shape-rectangle u-shape-1\"><\/div>\n    <\/section>\n    \n    \n    \n    \n  \n","protected":false},"excerpt":{"rendered":"<p>Actualit\u00e9s Choco-Ne\u200bws Un nouveau site ? Le site Choco-cards est abandonn\u00e9&nbsp;au profit de&nbsp; https:\/\/www.creatyves-chocolats.com&nbsp;pour mieux mettre en valeur&nbsp;l&rsquo;ensemble des r\u00e9alisations.&nbsp;D\u00e9couvrez un site tout neuf avec&nbsp; un nouveau visuel.Creatyves-chocolats s&rsquo;affiche d\u00e9sormais sous son nom d&rsquo;origine avec un h\u00e9bergement s\u00e9curis\u00e9 en SSL&nbsp;&nbsp;chez l&rsquo;h\u00e9bergeur OVH. Retrouvez-nous d\u00e9sormais ici :&nbsp;&nbsp; https:\/\/www.creatyves-chocolats.com .&nbsp;&nbsp;Mail: contact@creatyves-chocolats.com&nbsp;&nbsp; Creatyves, l&rsquo;invit\u00e9 de la radio&nbsp;Ici Alsace&nbsp; &hellip; <a href=\"https:\/\/www.creatyves-chocolats.com\/index.php\/actualites-17\/\" class=\"more-link\">Continue reading<span class=\"screen-reader-text\"> \u00ab\u00a0Actualit\u00e9s\u00a0\u00bb<\/span><\/a><\/p>\n","protected":false},"author":1,"featured_media":0,"parent":0,"menu_order":1,"comment_status":"closed","ping_status":"closed","template":"","meta":{"footnotes":""},"class_list":["post-1868","page","type-page","status-publish","hentry"],"_links":{"self":[{"href":"https:\/\/www.creatyves-chocolats.com\/index.php\/wp-json\/wp\/v2\/pages\/1868","targetHints":{"allow":["GET"]}}],"collection":[{"href":"https:\/\/www.creatyves-chocolats.com\/index.php\/wp-json\/wp\/v2\/pages"}],"about":[{"href":"https:\/\/www.creatyves-chocolats.com\/index.php\/wp-json\/wp\/v2\/types\/page"}],"author":[{"embeddable":true,"href":"https:\/\/www.creatyves-chocolats.com\/index.php\/wp-json\/wp\/v2\/users\/1"}],"replies":[{"embeddable":true,"href":"https:\/\/www.creatyves-chocolats.com\/index.php\/wp-json\/wp\/v2\/comments?post=1868"}],"version-history":[{"count":1,"href":"https:\/\/www.creatyves-chocolats.com\/index.php\/wp-json\/wp\/v2\/pages\/1868\/revisions"}],"predecessor-version":[{"id":1884,"href":"https:\/\/www.creatyves-chocolats.com\/index.php\/wp-json\/wp\/v2\/pages\/1868\/revisions\/1884"}],"wp:attachment":[{"href":"https:\/\/www.creatyves-chocolats.com\/index.php\/wp-json\/wp\/v2\/media?parent=1868"}],"curies":[{"name":"wp","href":"https:\/\/api.w.org\/{rel}","templated":true}]}}