{"id":1649,"date":"2026-03-01T20:17:07","date_gmt":"2026-03-01T20:17:07","guid":{"rendered":"https:\/\/www.creatyves-chocolats.com\/index.php\/la-boutique-16\/"},"modified":"2026-03-01T20:17:08","modified_gmt":"2026-03-01T20:17:08","slug":"la-boutique-16","status":"publish","type":"page","link":"https:\/\/www.creatyves-chocolats.com\/index.php\/la-boutique-16\/","title":{"rendered":"La boutique"},"content":{"rendered":"\n  \n    <section class=\"u-black u-clearfix u-valign-bottom-lg u-valign-bottom-sm u-valign-middle-md u-section-1\" id=\"block-4\">\n      <p class=\"u-text u-text-palette-3-dark-1 u-text-1\">La Choco-boutique <\/p>\n      <img decoding=\"async\" class=\"u-image u-image-contain u-image-default u-image-1\" src=\"https:\/\/www.creatyves-chocolats.com\/wp-content\/uploads\/2026\/03\/chariotvente.jpg\" alt=\"\" data-image-width=\"1128\" data-image-height=\"1038\" data-href=\"https:\/\/payhip.com\/Creatyveschocolatsboutique\" title=\"la choco Boutique creatyves-chocolats\" data-target=\"_blank\">\n      <img decoding=\"async\" class=\"u-image u-image-contain u-image-default u-preserve-proportions u-image-2\" src=\"https:\/\/www.creatyves-chocolats.com\/wp-content\/uploads\/2026\/03\/tousavecnosartisans.jpg\" alt=\"\" data-image-width=\"232\" data-image-height=\"209\">\n      <p class=\"u-text u-text-palette-3-dark-1 u-text-2\">\n        <a class=\"u-active-none u-border-none u-btn u-button-link u-button-style u-hover-none u-none u-text-palette-1-base u-btn-1\" href=\"https:\/\/payhip.com\/Creatyveschocolatsboutique\">C'est par ici &gt;&gt;<\/a>\n      <\/p>\n      <p class=\"u-text u-text-3\"><span style=\"font-size: 1.5rem;\" class=\"u-text-palette-3-dark-1\">\n          <br><span style=\"font-size: 1.875rem;\">Passez votre commande en ligne<\/span><\/span>\n        <br><span style=\"font-size: 1.875rem;\">La boutique en ligne est ouverte pour P\u00e2ques<\/span>.<br><span style=\"font-size: 1.5rem;\">Date limite de commande le Lundi 2 Mars 2026 !<\/span>&nbsp;&nbsp;Apr\u00e8s il sera trop tard !<br>Toutes les fabrications se font \u00e0 la commande.&nbsp;Il n'y a donc pas de stock !<br>Vos commandes seront exp\u00e9di\u00e9es, le 25 mars 2026 afin de les recevoir avant P\u00e2ques.<br>Retrait sur place&nbsp; &nbsp; &nbsp; &nbsp; &nbsp; &nbsp; &nbsp; &nbsp;<br>Pour les choco-cards et vos cr\u00e9ations personnalis\u00e9es ainsi que pour toute autre&nbsp;<br>demande,&nbsp; rendez-vous&nbsp;\u00e0 la page contact.&nbsp; &nbsp;Mail&nbsp; contact@creatyves-chocolats&nbsp; &nbsp; &nbsp; &nbsp; &nbsp; &nbsp; &nbsp; &nbsp; &nbsp;&nbsp;<br><span style=\"font-size: 1.875rem;\" class=\"u-text-palette-3-dark-1\">\n          <br> Livraison<\/span>\n        <br>Participation au&nbsp;frais selon le poids:&nbsp; Exp\u00e9dition uniquement en France ( Europe sur demande)<br>\n        <br>\n        <br>\n        <br>\n        <br>\n        <br><span class=\"u-text-palette-3-dark-1\" style=\"font-size: 1.875rem;\">\n          <br>\n          <br>\n          <br>\n          <br>\n          <br>\n          <br>\n          <br>Click&nbsp; &amp; Collect<\/span>\n        <br>Il est possible de retirer votre commande sur place mais uniquement sur rendez-vous.<br>Il n'y a pas de magasin de vente sur place, uniquement le labo de production.<br>\n        <br><span class=\"u-text-palette-3-dark-1\" style=\"font-size: 1.875rem;\"> Qualit\u00e9 et fra\u00eecheur<\/span>\n        <br>Les bonbons de chocolat, mieux connus sous le nom de \u00abpralines\u00bb, sont\n des cr\u00e9ations originales et d\u00e9licates.&nbsp;<br>La production de nos chocolats \nne se fait que sur pr\u00e9-commande pour P\u00e2ques et No\u00ebl et pour des \noccasions sp\u00e9ciales sur demande.<br>Il n'y a aucune production ni exp\u00e9dition en \u00e9t\u00e9.&nbsp;<br>Nous sommes exigeants sur la qualit\u00e9 et la s\u00e9lection de nos ingr\u00e9dients.<br>Seul le meilleur est digne pour nos chocolats.<br>La dur\u00e9e de conservation est indiqu\u00e9e avec les produits (Pour les pralines environ 30 jours).&nbsp;<br>Les choco-cards peuvent se garder&nbsp;jusqu'\u00e0 6 mois dans de bonnes conditions de stockage.<br>Rappel: Le chocolat ne se conserve pas au frigo !&nbsp;<br>La temp\u00e9rature id\u00e9ale de conservation se situe entre 17 et 20 degr\u00e9s dans un emballage ferm\u00e9 \u00e0 l'abri de la lumi\u00e8re et des odeurs fortes.&nbsp;<br>L'id\u00e9al sera de manger les chocolats rapidement !<br>\n        <br><span class=\"u-text-palette-3-dark-1\" style=\"font-size: 1.875rem;\">R\u00e8glement:<\/span>\n        <br>En boutique nous acceptons un r\u00e8glement par Paypal et cartes bancaires.&nbsp;<br>Avec PayPal vos informations financi\u00e8res ne sont \njamais communiqu\u00e9es.&nbsp;<br>En effet, PayPal crypte et prot\u00e8ge votre num\u00e9ro de \ncarte.&nbsp;<br>La boutique de vente est g\u00e9r\u00e9e par Payhip, qui est fiable et s\u00e9curis\u00e9e.<br>\n        <br>R\u00e8glement par ch\u00e8que bancaire ou virement ( nous contacter)<br>En local en click&nbsp; &amp; collect, R\u00e8glement en esp\u00e8ces et en ch\u00e8que bancaire sur place.<br>\n        <br><span style=\"font-size: 1.5rem;\"><span style=\"font-size: 1.875rem; --text-color-var: #b29a36;\" class=\"u-text-color-var\">Retrait des commandes:<\/span><\/span>\n        <br>D\u00e8s disponibilit\u00e9, nous vous avertissons pour venir retirer votre commande.<br>Pour P\u00e2ques \u00e0 partir du Mardi 31 mars.<br>\n        <br>Click &amp; collect&nbsp; &nbsp;UNIQUEMENT SUR RENDEZ-VOUS<br>Plan d\u2019acc\u00e8s&nbsp;<br>9 rue des chaumes 68680 KEMBS&nbsp;<br>\n        <br>T\u00e9l 06 21 21 77 12<br>\n        <br>\n        <br>\n      <\/p>\n      <img decoding=\"async\" class=\"u-image u-image-default u-preserve-proportions u-image-3\" src=\"https:\/\/www.creatyves-chocolats.com\/wp-content\/uploads\/2026\/03\/googlemaps.jpg\" alt=\"\" data-image-width=\"153\" data-image-height=\"153\" title=\"creatyves-chocolats google maps\" data-href=\"https:\/\/www.google.com\/maps\/place\/choco-cards+Cr%C3%A9at'Yves+Chocolats\/@47.689817,7.4949506,16z\/data=!4m6!3m5!1s0x4791a3dc9fa60f01:0xa7d382a9c6d01e0d!8m2!3d47.6897919!4d7.4970928!16s%2Fg%2F11p9w9hp65?entry=ttu&amp;g_ep=EgoyMDI1MDczMC4wIKXMDSoASAFQAw%3D%3D\">\n      <img decoding=\"async\" class=\"u-align-left u-image u-image-contain u-image-default u-image-4\" src=\"https:\/\/www.creatyves-chocolats.com\/wp-content\/uploads\/2026\/03\/fraisdelivraison.jpg\" alt=\"\" data-image-width=\"815\" data-image-height=\"485\">\n      <div class=\"u-expanded-width u-palette-3-dark-1 u-shape u-shape-rectangle u-shape-1\"><\/div>\n    <\/section>\n    \n    \n    \n    \n  \n","protected":false},"excerpt":{"rendered":"<p>La Choco-boutique C&rsquo;est par ici &gt;&gt; Passez votre commande en ligne La boutique en ligne est ouverte pour P\u00e2ques.Date limite de commande le Lundi 2 Mars 2026 !&nbsp;&nbsp;Apr\u00e8s il sera trop tard !Toutes les fabrications se font \u00e0 la commande.&nbsp;Il n&rsquo;y a donc pas de stock !Vos commandes seront exp\u00e9di\u00e9es, le 25 mars 2026 afin &hellip; <a href=\"https:\/\/www.creatyves-chocolats.com\/index.php\/la-boutique-16\/\" class=\"more-link\">Continue reading<span class=\"screen-reader-text\"> \u00ab\u00a0La boutique\u00a0\u00bb<\/span><\/a><\/p>\n","protected":false},"author":1,"featured_media":0,"parent":0,"menu_order":10,"comment_status":"closed","ping_status":"closed","template":"","meta":{"footnotes":""},"class_list":["post-1649","page","type-page","status-publish","hentry"],"_links":{"self":[{"href":"https:\/\/www.creatyves-chocolats.com\/index.php\/wp-json\/wp\/v2\/pages\/1649","targetHints":{"allow":["GET"]}}],"collection":[{"href":"https:\/\/www.creatyves-chocolats.com\/index.php\/wp-json\/wp\/v2\/pages"}],"about":[{"href":"https:\/\/www.creatyves-chocolats.com\/index.php\/wp-json\/wp\/v2\/types\/page"}],"author":[{"embeddable":true,"href":"https:\/\/www.creatyves-chocolats.com\/index.php\/wp-json\/wp\/v2\/users\/1"}],"replies":[{"embeddable":true,"href":"https:\/\/www.creatyves-chocolats.com\/index.php\/wp-json\/wp\/v2\/comments?post=1649"}],"version-history":[{"count":1,"href":"https:\/\/www.creatyves-chocolats.com\/index.php\/wp-json\/wp\/v2\/pages\/1649\/revisions"}],"predecessor-version":[{"id":1665,"href":"https:\/\/www.creatyves-chocolats.com\/index.php\/wp-json\/wp\/v2\/pages\/1649\/revisions\/1665"}],"wp:attachment":[{"href":"https:\/\/www.creatyves-chocolats.com\/index.php\/wp-json\/wp\/v2\/media?parent=1649"}],"curies":[{"name":"wp","href":"https:\/\/api.w.org\/{rel}","templated":true}]}}