{"id":1648,"date":"2026-03-01T20:17:06","date_gmt":"2026-03-01T20:17:06","guid":{"rendered":"https:\/\/www.creatyves-chocolats.com\/index.php\/pralines-16\/"},"modified":"2026-03-01T20:17:08","modified_gmt":"2026-03-01T20:17:08","slug":"pralines-16","status":"publish","type":"page","link":"https:\/\/www.creatyves-chocolats.com\/index.php\/pralines-16\/","title":{"rendered":"Pralines"},"content":{"rendered":"\n  \n    <section class=\"u-black u-clearfix u-valign-bottom-lg u-valign-bottom-sm u-section-1\" id=\"block-4\">\n      <div class=\"u-clearfix u-sheet u-sheet-1\">\n        <p class=\"u-text u-text-palette-3-dark-1 u-text-1\">Les pralines et bonbons de&nbsp;chocolat<\/p>\n        <img decoding=\"async\" class=\"u-image u-image-contain u-image-default u-image-1\" src=\"https:\/\/www.creatyves-chocolats.com\/wp-content\/uploads\/2026\/03\/Paques2026programmeA4.jpg\" alt=\"\" data-image-width=\"2480\" data-image-height=\"3508\">\n        <img decoding=\"async\" class=\"u-image u-image-default u-image-2\" src=\"https:\/\/www.creatyves-chocolats.com\/wp-content\/uploads\/2026\/03\/srieweb.jpg\" alt=\"\" data-image-width=\"2480\" data-image-height=\"776\">\n        <img decoding=\"async\" class=\"u-image u-image-contain u-image-default u-image-3\" src=\"https:\/\/www.creatyves-chocolats.com\/wp-content\/uploads\/2026\/03\/chariotvente.jpg\" alt=\"\" data-image-width=\"1128\" data-image-height=\"1038\" title=\"Boutique\" data-href=\"https:\/\/payhip.com\/Creatyveschocolatsboutique\">\n        <p class=\"u-text u-text-2\"><span style=\"font-size: 1.25rem;\" class=\"u-text-palette-3-dark-1\">\n            <br>\n            <br> On  mange d'abord avec les yeux<br><span style=\"font-size: 0.875rem;\" class=\"u-text-white\"><\/span><span class=\"u-text-white\" style=\"font-size: 0.875rem;\">Un chocolat doit \u00eatre beau et bon !<br>Le gastronome Romain Apicius serait le premier \u00e0 avoir d\u00e9clam\u00e9 \"&nbsp;On  mange d'abord avec les yeux\"...<br>La vue permet de nous faire notre premi\u00e8re impression sur ce que nous allons manger. <br>La couleur va orienter le cerveau vers un ar\u00f4me et des parfums \u00e0 venir qu'on va retrouver dans ces bijoux chocolat\u00e9s. <br>La d\u00e9coration doit flatter l'oeil et permet aussi de diff\u00e9rencier les chocolats et les reconna\u00eetre. <br>Aujourd'hui un chocolat doit \u00eatre aussi beau que bon. Vive la cr\u00e9at'Yvit\u00e9.&nbsp;<br>Bonne d\u00e9gustation.<\/span>\n            <br>\n            <br>Bonbons de chocolat ou Pralines?<\/span>\n          <br><span style=\"font-size: 0.875rem;\">Les bonbons de chocolat, mieux connus sous&nbsp;le nom de \u00abpralines\u00bb, sont des cr\u00e9ations originales et&nbsp;d\u00e9licates.&nbsp;<br>La production de nos chocolats ne se fait que sur pr\u00e9-commande pour P\u00e2ques et No\u00ebl. <br>Les bonbons de chocolat sont des produits frais et&nbsp;doivent \u00eatre d\u00e9gust\u00e9s sous 30 jours environ.<br><\/span>\n          <br><span style=\"font-size: 1.25rem;\" class=\"u-text-palette-3-dark-1\">Comment sont fabriqu\u00e9s nos bonbons de chocolat? <\/span>\n          <br><span style=\"font-size: 0.875rem;\">Tout d'abord il y a le processus de s\u00e9lection des recettes afin de faire plaisir \u00e0 chacun.&nbsp;<br>Pour les amateurs de noir, du chocolat noir cors\u00e9 et puissant, pour les inconditionnels du chocolat au lait, un chocolat doux et fondant.<br>Le chocolat blanc est une confiserie qui ne contient que du beurre de cacao mais pas de p\u00e2te de cacao.<br>Il faut une harmonie entre la coque en chocolat et la garniture.&nbsp;<br>Chez Creatyves-chocolats, le go\u00fbt et l'\u00e9quilibre des saveurs sont la base. Les pralines ne doivent pas \u00eatre trop sucr\u00e9es et s'il y a utilisation de liqueurs&nbsp;<\/span>\n          <br><span style=\"font-size: 0.875rem;\">pour certains ar\u00f4mes, il ne faut pas ressentir l'alcool qui sera utilis\u00e9 avec&nbsp; parcimonie.<br>\n            <br>La coque et l'enrobage sont exclusivement en chocolat de couverture pur beurre de cacao.<br>Les ganaches sont \u00e9labor\u00e9es avec de la cr\u00e8me enti\u00e8re, du lait, du beurre AOC et les meilleures ingr\u00e9dients.<br>Tous les chocolats sont int\u00e9gralement r\u00e9alis\u00e9s \u00e0 la main.<\/span>\n          <br>\n          <br><span style=\"font-size: 1.875rem;\" class=\"u-text-palette-3-dark-1\">Le process en d\u00e9tail<\/span>\n          <br><span class=\"u-text-palette-3-dark-1\">Pour les chocolats moul\u00e9s:<\/span>\n          <br><span style=\"font-size: 0.875rem;\">Cr\u00e9ations des d\u00e9cors en fond de moule au pinceau, au&nbsp; cornet, avec utilisation de poudres alimentaires color\u00e9es et beurre de cacao.<br>Les moules sont pulv\u00e9ris\u00e9 au pistolet au beurre de cacao et au chocolat pour une belle brillance.&nbsp;<br>Il faut r\u00e9aliser la coque dans le moule et la laisser durcir. Enfin la garniture est inject\u00e9e \u00e0 la poche \u00e0 douille (Ganache, p\u00e2te de noisettes, caramel etc...)<\/span>\n          <br><span style=\"font-size: 0.875rem;\">&nbsp;Il faut laisser cristalliser le tout \u00e0 17\u00b0 durant 24H&nbsp; et enfin refermer le moule; le d\u00e9moulage se fera le lendemain.<br>Certains chocolats sont d\u00e9cor\u00e9s avec des feuilles de transfert color\u00e9es au beurre de cacao.<\/span>\n          <br>\n          <br><span class=\"u-text-palette-3-dark-1\">Pour les chocolats tremp\u00e9s:<\/span>\n          <br><span style=\"font-size: 0.875rem;\">Il faut d'abord r\u00e9aliser la ganache aromatis\u00e9e ou non, la couler dans un cadre et laisser \u200bcristalliser le tout \u00e0 17\u00b0 durant 24H.<br>Apr\u00e8s une d\u00e9coupe \u00e0 la guitare, chaque pi\u00e8ces est tremp\u00e9e avec une fourchette \u00e0 tremper dans le chocolat liquide \u00e0 30-32\u00b0 et d\u00e9pos\u00e9 sur feuille cristal.&nbsp;<\/span>\n          <br><span style=\"font-size: 0.875rem;\">Un d\u00e9cor se fera \u00e0 la fourchette, avec de la s\u00e9rigraphie, avec des \u00e9clats de noisette, etc...&nbsp;<br>Les rochers sont compos\u00e9s de pralin\u00e9 et de chocolat.<\/span>\n          <br>\n          <br><span class=\"u-text-palette-3-dark-1\" style=\"font-size: 1.875rem;\"> C'est quoi le pralin\u00e9?<\/span>\n          <br><span style=\"font-size: 0.875rem;\">Les professionnels parlent de pralin ou pralin\u00e9.&nbsp;<br>Il s'agit de noisettes, amandes, pistaches, et autres fruits secs qui sont caram\u00e9lis\u00e9s avec du sucre puis finement broy\u00e9s et mix\u00e9s.<br>Creatyves-chocolats r\u00e9alise la majorit\u00e9 des ses pralin\u00e9s dans son labo personnellement !<br>Le pralin\u00e9 est un m\u00e9lange de pralin, beurre de cacao et chocolat de couverture .<\/span>\n          <br>\n          <br><span class=\"u-text-palette-3-dark-1\" style=\"font-size: 1.875rem;\">Pourquoi une conservation aussi courte?<\/span>\n          <br><span style=\"font-size: 0.875rem;\">Creatyves-chocolats utilise de la cr\u00e8me fra\u00eeche et du beurre frais dans ses recettes mais surtout les sucres sont r\u00e9duits pour appr\u00e9cier au mieux les ar\u00f4mes.&nbsp;<\/span>\n          <br><span style=\"font-size: 0.875rem;\">Les produits industriels comportent \u00e9norm\u00e9ment d'additifs et du sucre pour la conservation.<br>Les chocolats Creatyves-chocolats n'ont pas besoin de conservateur car ils sont si vite d\u00e9gust\u00e9s !<br>Le chocolat et les pralines ne se gardent JAMAIS au r\u00e9frig\u00e9rateur, mais \u00e0 l'abri de la lumi\u00e8re et des odeurs fortes, entre 17 et 20\u00b0 environ.<br>le chocolat craint l'humidit\u00e9 et la chaleur.<br>Les traces blanches \u00e9ventuelles sont des remont\u00e9es de sucre ou de mati\u00e8re grasse et n'alt\u00e8rent pas le go\u00fbt du chocolat.<\/span>\n          <br>\n          <br>\n          <br>\n        <\/p>\n        <img decoding=\"async\" class=\"u-image u-image-contain u-image-default u-preserve-proportions u-image-4\" src=\"https:\/\/www.creatyves-chocolats.com\/wp-content\/uploads\/2026\/03\/VERSLABOUTIQUE.jpg\" alt=\"\" data-image-width=\"181\" data-image-height=\"25\" data-href=\"https:\/\/payhip.com\/Creatyveschocolatsboutique\">\n        <div class=\"u-expanded-width-md u-expanded-width-sm u-expanded-width-xs u-palette-3-dark-1 u-shape u-shape-rectangle u-shape-1\"><\/div>\n      <\/div>\n    <\/section>\n    \n    \n    \n    \n  \n","protected":false},"excerpt":{"rendered":"<p>Les pralines et bonbons de&nbsp;chocolat On mange d&rsquo;abord avec les yeuxUn chocolat doit \u00eatre beau et bon !Le gastronome Romain Apicius serait le premier \u00e0 avoir d\u00e9clam\u00e9 \u00a0\u00bb&nbsp;On mange d&rsquo;abord avec les yeux\u00a0\u00bb&#8230;La vue permet de nous faire notre premi\u00e8re impression sur ce que nous allons manger. La couleur va orienter le cerveau vers un &hellip; <a href=\"https:\/\/www.creatyves-chocolats.com\/index.php\/pralines-16\/\" class=\"more-link\">Continue reading<span class=\"screen-reader-text\"> \u00ab\u00a0Pralines\u00a0\u00bb<\/span><\/a><\/p>\n","protected":false},"author":1,"featured_media":0,"parent":0,"menu_order":9,"comment_status":"closed","ping_status":"closed","template":"","meta":{"footnotes":""},"class_list":["post-1648","page","type-page","status-publish","hentry"],"_links":{"self":[{"href":"https:\/\/www.creatyves-chocolats.com\/index.php\/wp-json\/wp\/v2\/pages\/1648","targetHints":{"allow":["GET"]}}],"collection":[{"href":"https:\/\/www.creatyves-chocolats.com\/index.php\/wp-json\/wp\/v2\/pages"}],"about":[{"href":"https:\/\/www.creatyves-chocolats.com\/index.php\/wp-json\/wp\/v2\/types\/page"}],"author":[{"embeddable":true,"href":"https:\/\/www.creatyves-chocolats.com\/index.php\/wp-json\/wp\/v2\/users\/1"}],"replies":[{"embeddable":true,"href":"https:\/\/www.creatyves-chocolats.com\/index.php\/wp-json\/wp\/v2\/comments?post=1648"}],"version-history":[{"count":1,"href":"https:\/\/www.creatyves-chocolats.com\/index.php\/wp-json\/wp\/v2\/pages\/1648\/revisions"}],"predecessor-version":[{"id":1664,"href":"https:\/\/www.creatyves-chocolats.com\/index.php\/wp-json\/wp\/v2\/pages\/1648\/revisions\/1664"}],"wp:attachment":[{"href":"https:\/\/www.creatyves-chocolats.com\/index.php\/wp-json\/wp\/v2\/media?parent=1648"}],"curies":[{"name":"wp","href":"https:\/\/api.w.org\/{rel}","templated":true}]}}