{"id":1646,"date":"2026-03-01T20:17:04","date_gmt":"2026-03-01T20:17:04","guid":{"rendered":"https:\/\/www.creatyves-chocolats.com\/index.php\/contact-15\/"},"modified":"2026-03-01T20:17:08","modified_gmt":"2026-03-01T20:17:08","slug":"contact-15","status":"publish","type":"page","link":"https:\/\/www.creatyves-chocolats.com\/index.php\/contact-15\/","title":{"rendered":"Contact"},"content":{"rendered":"\n  \n    <section class=\"u-black u-clearfix u-valign-bottom-lg u-valign-bottom-md u-valign-bottom-sm u-valign-bottom-xl u-section-1\" id=\"sec-ba89\">\n      <p class=\"u-align-left u-text u-text-1\"><span style=\"font-size: 1.875rem;\" class=\"u-text-palette-3-dark-1\">Pour une envie de chocolat !&nbsp;<\/span>\n        <br>&nbsp;Contactez-nous<br>\n        <br>\n      <\/p>\n      <div class=\"custom-expanded data-layout-selected u-clearfix u-layout-wrap u-layout-wrap-1\">\n        <div class=\"u-layout\">\n          <div class=\"u-layout-row\">\n            <div class=\"u-size-30 u-size-60-md\">\n              <div class=\"u-layout-col\">\n                <div class=\"u-size-20\">\n                  <div class=\"u-layout-row\">\n                    <div class=\"u-align-left u-container-align-left u-container-style u-layout-cell u-left-cell u-size-30 u-layout-cell-1\">\n                      <div class=\"u-container-layout u-container-layout-1\"><span class=\"u-icon u-icon-circle u-text-grey-30 u-icon-1\"><svg class=\"u-svg-link\" preserveAspectRatio=\"xMidYMin slice\" viewBox=\"0 0 512 512\" style=\"\"><use xlink:href=\"#svg-feca\"><\/use><\/svg><svg class=\"u-svg-content\" viewBox=\"0 0 512 512\" x=\"0px\" y=\"0px\" id=\"svg-feca\" style=\"enable-background:new 0 0 512 512;\"><g><g><path d=\"M256,0C153.755,0,70.573,83.182,70.573,185.426c0,126.888,165.939,313.167,173.004,321.035    c6.636,7.391,18.222,7.378,24.846,0c7.065-7.868,173.004-194.147,173.004-321.035C441.425,83.182,358.244,0,256,0z M256,278.719    c-51.442,0-93.292-41.851-93.292-93.293S204.559,92.134,256,92.134s93.291,41.851,93.291,93.293S307.441,278.719,256,278.719z\"><\/path>\n<\/g>\n<\/g><\/svg><\/span>\n                        <p class=\"u-text u-text-default u-text-2\">Creatyves-chocolats<br>Yves Scheidel<br>9 rue des chaumes<br>F - 68680 KEMBS\n                        <\/p><span class=\"u-icon u-icon-circle u-text-grey-30 u-icon-2\"><svg class=\"u-svg-link\" preserveAspectRatio=\"xMidYMin slice\" viewBox=\"0 0 512 512\" style=\"\"><use xlink:href=\"#svg-fbfe\"><\/use><\/svg><svg class=\"u-svg-content\" viewBox=\"0 0 512 512\" x=\"0px\" y=\"0px\" id=\"svg-fbfe\" style=\"enable-background:new 0 0 512 512;\"><g><g><path d=\"M467,61H45c-6.927,0-13.412,1.703-19.279,4.51L255,294.789l51.389-49.387c0,0,0.004-0.005,0.005-0.007    c0.001-0.002,0.005-0.004,0.005-0.004L486.286,65.514C480.418,62.705,473.929,61,467,61z\"><\/path>\n<\/g>\n<\/g><g><g><path d=\"M507.496,86.728L338.213,256.002L507.49,425.279c2.807-5.867,4.51-12.352,4.51-19.279V106    C512,99.077,510.301,92.593,507.496,86.728z\"><\/path>\n<\/g>\n<\/g><g><g><path d=\"M4.51,86.721C1.703,92.588,0,99.073,0,106v300c0,6.923,1.701,13.409,4.506,19.274L173.789,256L4.51,86.721z\"><\/path>\n<\/g>\n<\/g><g><g><path d=\"M317.002,277.213l-51.396,49.393c-2.93,2.93-6.768,4.395-10.605,4.395s-7.676-1.465-10.605-4.395L195,277.211    L25.714,446.486C31.582,449.295,38.071,451,45,451h422c6.927,0,13.412-1.703,19.279-4.51L317.002,277.213z\"><\/path>\n<\/g>\n<\/g><\/svg><\/span>\n                        <p class=\"u-text u-text-default u-text-3\">Adresse Email<\/p>\n                        <p class=\"u-text u-text-default u-text-4\">\n                          <a class=\"u-active-none u-border-none u-btn u-button-link u-button-style u-hover-none u-none u-text-palette-1-base u-btn-1\" href=\"#\">contact@creatyves-chocolats.com<\/a>\n                        <\/p>\n                        <h1 class=\"u-text u-text-default u-text-5\"><span class=\"u-text-palette-3-dark-1\">Click <\/span><span style=\"font-size: 1rem;\"><span class=\"u-text-palette-3-dark-1\" style=\"font-size: 1.5rem;\">&amp; Collect<\/span>\n                            <br>Sur rendez-vous uniquement<\/span>\n                          <br><span style=\"font-size: 1rem;\">\n                            <br>Il n'y \u00e0 pas de boutique,&nbsp;<\/span>\n                          <br><span style=\"font-size: 1rem;\">uniquement&nbsp;<\/span><span style=\"font-size: 1rem;\">le labo de fabrication<\/span>\n                        <\/h1>\n                      <\/div>\n                    <\/div>\n                    <div class=\"u-align-left u-container-align-left u-container-style u-layout-cell u-size-30 u-layout-cell-2\">\n                      <div class=\"u-container-layout u-container-layout-2\"><span class=\"u-icon u-icon-circle u-text-grey-30 u-icon-3\"><svg class=\"u-svg-link\" preserveAspectRatio=\"xMidYMin slice\" viewBox=\"0 0 384 384\" style=\"\"><use xlink:href=\"#svg-44fe\"><\/use><\/svg><svg class=\"u-svg-content\" viewBox=\"0 0 384 384\" x=\"0px\" y=\"0px\" id=\"svg-44fe\" style=\"enable-background:new 0 0 384 384;\"><g><g><path d=\"M353.188,252.052c-23.51,0-46.594-3.677-68.469-10.906c-10.719-3.656-23.896-0.302-30.438,6.417l-43.177,32.594    c-50.073-26.729-80.917-57.563-107.281-107.26l31.635-42.052c8.219-8.208,11.167-20.198,7.635-31.448    c-7.26-21.99-10.948-45.063-10.948-68.583C132.146,13.823,118.323,0,101.333,0H30.813C13.823,0,0,13.823,0,30.813    C0,225.563,158.438,384,353.188,384c16.99,0,30.813-13.823,30.813-30.813v-70.323C384,265.875,370.177,252.052,353.188,252.052z\"><\/path>\n<\/g>\n<\/g><\/svg><\/span>\n                        <p class=\"u-text u-text-default u-text-6\">+33-(0)6 21 21 77 12<\/p>\n                        <img decoding=\"async\" class=\"u-image u-image-default u-preserve-proportions u-image-1\" src=\"https:\/\/www.creatyves-chocolats.com\/wp-content\/uploads\/2026\/03\/facebook-icon-ios-facebook-social-media-logo-on-white-background-free-free-vector-1.jpg\" alt=\"\" data-image-width=\"980\" data-image-height=\"980\" data-href=\"https:\/\/www.facebook.com\/p\/Choco-cards-100057433480241\/\" title=\"page facebook creatyves\" data-target=\"_blank\">\n                        <p class=\"u-text u-text-default u-text-7\">@ Facebook<\/p>\n                        <img decoding=\"async\" class=\"u-image u-image-default u-preserve-proportions u-image-2\" src=\"https:\/\/www.creatyves-chocolats.com\/wp-content\/uploads\/2026\/03\/hero-image.fill_.size_1200x1200.v1650318899-1.png\" alt=\"\" data-image-width=\"1200\" data-image-height=\"1200\" data-href=\"https:\/\/www.instagram.com\/chococards\/?hl=fr\" title=\"instagram choco-cards\">\n                        <p class=\"u-text u-text-default u-text-8\">@ Instagram<\/p>\n                        <img decoding=\"async\" class=\"u-image u-image-contain u-image-default u-preserve-proportions u-image-3\" src=\"https:\/\/www.creatyves-chocolats.com\/wp-content\/uploads\/2026\/03\/linkedinlogo2.jpg\" alt=\"\" data-image-width=\"225\" data-image-height=\"225\" data-href=\"https:\/\/www.linkedin.com\/in\/yves-scheidel\/\" title=\"logo 2 linkedin\">\n                        <p class=\"u-text u-text-default u-text-9\">@ linkedin<\/p>\n                      <\/div>\n                    <\/div>\n                  <\/div>\n                <\/div>\n                <div class=\"u-size-40\">\n                  <div class=\"u-layout-row\">\n                    <div class=\"u-container-style u-layout-cell u-left-cell u-size-60 u-layout-cell-3\">\n                      <div class=\"u-container-layout u-container-layout-3\">\n                        <img decoding=\"async\" class=\"u-image u-image-default u-preserve-proportions u-image-4\" src=\"https:\/\/www.creatyves-chocolats.com\/wp-content\/uploads\/2026\/03\/googlemaps.jpg\" alt=\"\" data-image-width=\"153\" data-image-height=\"153\" data-href=\"https:\/\/www.google.com\/maps\/place\/choco-cards+Cr%C3%A9at'Yves+Chocolats\/@47.689817,7.4949506,16z\/data=!4m6!3m5!1s0x4791a3dc9fa60f01:0xa7d382a9c6d01e0d!8m2!3d47.6897919!4d7.4970928!16s%2Fg%2F11p9w9hp65?entry=ttu&amp;g_ep=EgoyMDI1MDczMC4wIKXMDSoASAFQAw%3D%3D\" title=\"google maps\">\n                      <\/div>\n                    <\/div>\n                  <\/div>\n                <\/div>\n              <\/div>\n            <\/div>\n            <div class=\"u-size-30 u-size-60-md\">\n              <div class=\"u-layout-col\">\n                <div class=\"u-container-style u-layout-cell u-right-cell u-size-60 u-layout-cell-4\">\n                  <div class=\"u-container-layout u-container-layout-4\">\n                    <h3 class=\"u-text u-text-default u-text-10\">envoyez-nous un message<\/h3>\n                    <div class=\"u-form u-form-1\">\n                      <form action=\"https:\/\/service.nicepagesrv.com\/form\/v4\/form-process\" class=\"u-clearfix u-form-spacing-10 u-form-vertical u-inner-form\" style=\"padding: 0;\" source=\"email\" name=\"form\">\n                        <div class=\"u-form-group u-form-name\">\n                          <label for=\"name-eef9\" class=\"u-form-control-hidden u-label\">Name<\/label>\n                          <input type=\"text\" placeholder=\"Noms et pr\u00e9nom\" id=\"name-eef9\" name=\"name\" class=\"u-input u-input-rectangle\" required=\"\">\n                        <\/div>\n                        <div class=\"u-form-email u-form-group\">\n                          <label for=\"email-eef9\" class=\"u-form-control-hidden u-label\">Email<\/label>\n                          <input type=\"email\" placeholder=\"Adresse mail\" id=\"email-eef9\" name=\"email\" class=\"u-input u-input-rectangle\" required=\"\">\n                        <\/div>\n                        <div class=\"u-form-group u-form-message\">\n                          <label for=\"message-eef9\" class=\"u-form-control-hidden u-label\">Message<\/label>\n                          <textarea placeholder=\"Votre demande\" rows=\"4\" cols=\"50\" id=\"message-eef9\" name=\"message\" class=\"u-input u-input-rectangle\" required=\"\"><\/textarea>\n                        <\/div>\n                        <div class=\"u-align-left u-form-group u-form-submit\">\n                          <a href=\"#\" class=\"u-border-2 u-border-grey-75 u-border-radius-30 u-btn u-btn-round u-btn-submit u-button-style u-none u-btn-2\">Soumettre<\/a>\n                          <input type=\"submit\" value=\"submit\" class=\"u-form-control-hidden\">\n                        <\/div>\n                        <div class=\"u-form-send-message u-form-send-success\">Merci ! Votre message a \u00e9t\u00e9 envoy\u00e9.<\/div>\n                        <div class=\"u-form-send-error u-form-send-message\">Impossible d'envoyer votre message. Merci de corriger les erreurs et r\u00e9essayer.<\/div>\n                        <input type=\"hidden\" value=\"\" name=\"recaptchaResponse\">\n                        <input type=\"hidden\" name=\"formServices\" value=\"bd747098-63ac-e6b9-1675-871eae52d847\">\n                        <input type=\"hidden\" name=\"siteKey\" value=\"6LfPRJkrAAAAAF8KYFIwfC4G7-kbA0-SICB8-Q5D\">\n                      <\/form>\n                    <\/div>\n                  <\/div>\n                <\/div>\n              <\/div>\n            <\/div>\n          <\/div>\n        <\/div>\n      <\/div>\n      <div class=\"u-expanded-width u-palette-3-dark-1 u-shape u-shape-rectangle u-shape-1\"><\/div>\n    <\/section>\n    \n    \n    \n    \n  \n","protected":false},"excerpt":{"rendered":"<p>Pour une envie de chocolat !&nbsp; &nbsp;Contactez-nous Creatyves-chocolatsYves Scheidel9 rue des chaumesF &#8211; 68680 KEMBS Adresse Email contact@creatyves-chocolats.com Click &amp; Collect Sur rendez-vous uniquement Il n&rsquo;y \u00e0 pas de boutique,&nbsp; uniquement&nbsp;le labo de fabrication +33-(0)6 21 21 77 12 @ Facebook @ Instagram @ linkedin envoyez-nous un message Name Email Message Soumettre Merci ! Votre &hellip; <a href=\"https:\/\/www.creatyves-chocolats.com\/index.php\/contact-15\/\" class=\"more-link\">Continue reading<span class=\"screen-reader-text\"> \u00ab\u00a0Contact\u00a0\u00bb<\/span><\/a><\/p>\n","protected":false},"author":1,"featured_media":0,"parent":0,"menu_order":7,"comment_status":"closed","ping_status":"closed","template":"","meta":{"footnotes":""},"class_list":["post-1646","page","type-page","status-publish","hentry"],"_links":{"self":[{"href":"https:\/\/www.creatyves-chocolats.com\/index.php\/wp-json\/wp\/v2\/pages\/1646","targetHints":{"allow":["GET"]}}],"collection":[{"href":"https:\/\/www.creatyves-chocolats.com\/index.php\/wp-json\/wp\/v2\/pages"}],"about":[{"href":"https:\/\/www.creatyves-chocolats.com\/index.php\/wp-json\/wp\/v2\/types\/page"}],"author":[{"embeddable":true,"href":"https:\/\/www.creatyves-chocolats.com\/index.php\/wp-json\/wp\/v2\/users\/1"}],"replies":[{"embeddable":true,"href":"https:\/\/www.creatyves-chocolats.com\/index.php\/wp-json\/wp\/v2\/comments?post=1646"}],"version-history":[{"count":1,"href":"https:\/\/www.creatyves-chocolats.com\/index.php\/wp-json\/wp\/v2\/pages\/1646\/revisions"}],"predecessor-version":[{"id":1662,"href":"https:\/\/www.creatyves-chocolats.com\/index.php\/wp-json\/wp\/v2\/pages\/1646\/revisions\/1662"}],"wp:attachment":[{"href":"https:\/\/www.creatyves-chocolats.com\/index.php\/wp-json\/wp\/v2\/media?parent=1646"}],"curies":[{"name":"wp","href":"https:\/\/api.w.org\/{rel}","templated":true}]}}