{"id":1642,"date":"2026-03-01T20:17:00","date_gmt":"2026-03-01T20:17:00","guid":{"rendered":"https:\/\/www.creatyves-chocolats.com\/index.php\/accueil-16\/"},"modified":"2026-03-01T20:17:08","modified_gmt":"2026-03-01T20:17:08","slug":"accueil-16","status":"publish","type":"page","link":"https:\/\/www.creatyves-chocolats.com\/","title":{"rendered":"Accueil"},"content":{"rendered":"\n  \n    <section class=\"u-align-center u-clearfix u-container-align-center-lg u-container-align-center-md u-container-align-center-sm u-container-align-center-xl u-valign-bottom-lg u-valign-bottom-sm u-section-1\" id=\"sec-9ab9\">\n      <p class=\"u-text u-text-white u-text-1\">Pour fondre de plaisir<br>\n      <\/p>\n      <p class=\"u-align-center u-text u-text-2\"><span style=\"font-size: 1.5rem;\" class=\"u-text-palette-3-dark-1\"><span class=\"u-text-white\">\n            <br>Le 5 avril&nbsp; 2026 c'est d\u00e9j\u00e0 PAQUES !<br>La f\u00eate du chocolat.<\/span>\n          <br><span class=\"u-text-white\">Publication des nouvelles cr\u00e9ations <\/span>&nbsp;<br><span class=\"u-text-custom-color-4\">\n            <br>R\u00e9servation indispensable<\/span>\n          <br><span class=\"u-text-white\" style=\"font-size: 0.875rem;\">avant le Lundi 2 mars 2026&nbsp; &nbsp; &nbsp; &nbsp; &nbsp; &nbsp; &nbsp; &nbsp; &nbsp; &nbsp; &nbsp;<br>&nbsp; &nbsp; &nbsp; &nbsp; &nbsp; &nbsp; &nbsp; &nbsp; &nbsp; &nbsp; &nbsp; &nbsp; &nbsp; &nbsp; &nbsp; &nbsp; &nbsp; &nbsp; &nbsp; &nbsp; &nbsp; &nbsp; &nbsp; &nbsp; &nbsp; &nbsp; &nbsp; &nbsp; &nbsp;<br>\n            <br>\n            <br>\n            <br>\n            <br>&nbsp; &nbsp; &nbsp; &nbsp; &nbsp; &nbsp; &nbsp;<br>&nbsp;<\/span>&nbsp;&nbsp;<br>\n          <br>\n          <br>\n          <br>\n          <br>\n          <br>\n          <br>\n          <br>Creat'Yves chocolats<\/span>\n        <br><span style=\"font-size: 0.875rem;\">Artisan chocolatier, qui cr\u00e9e des collections \u00e9ph\u00e9m\u00e8res de bonbons de chocolats appel\u00e9s aussi \"pralines\" .<br>Les pralines sont \u00e9labor\u00e9es avec du chocolat pur beurre de cacao et fourr\u00e9es de saveurs originales et Exclus'Yves !<br>\n          <br>Tout est fait \u00e0 la main pour P\u00e2ques et No\u00ebl et uniquement sur pr\u00e9-commande.<br>Le nombre de commandes est limit\u00e9.&nbsp;<\/span>\n        <br><span style=\"font-size: 0.875rem;\">Les moulages ne seront disponibles que sur place.<\/span>\n        <br>\n        <br><span style=\"font-size: 1.5rem;\" class=\"u-text-palette-3-dark-1\">Choco-cards\u00ae&nbsp;<\/span>\n        <br><span style=\"font-size: 1.5rem;\" class=\"u-text-palette-3-dark-1\">by Creat'Yves chocolats<\/span>\n        <br><span style=\"font-size: 0.875rem;\">Creatyves-chocolats est le cr\u00e9ateur des \"Choco-cards\u00ae\", des cartes en chocolat totalement personnalisables pour chaque occasion.<br>Visitez la page sp\u00e9ciale \"Choco-cards\" et n'h\u00e9sitez pas \u00e0 vous renseigner.<\/span>\n        <br><span style=\"font-size: 1.5rem;\">\n          <br><span class=\"u-text-palette-3-dark-1\">On ne fait du bon qu'avec du tr\u00e8s bon !&nbsp;<\/span><\/span>\n        <br><span style=\"font-size: 0.875rem;\">Telle \u00e9tait la devise de Prosper Montagn\u00e9, \n  Ma\u00eetre cuisinier fran\u00e7ais et \u00e9crivain gastronomique.&nbsp;<br>Ceci est \u00e9galement ma devise avec la recherche \n  de l\u2019harmonie de saveurs originales et d\u00e9licates !&nbsp;&nbsp;<\/span>\n        <br><span style=\"font-size: 0.875rem;\">\n          <br><span class=\"u-text-palette-3-dark-1\" style=\"font-size: 1.5rem;\">Creatyves-chocolats&nbsp; invit\u00e9 de La radio ICI ALSACE .&nbsp;<\/span><\/span>\n        <br><span style=\"font-size: 0.875rem;\">Ecoutez le podcast dans les ACTUALITES<\/span>\n        <br>\n        <br>\n      <\/p>\n      <img decoding=\"async\" class=\"u-image u-image-default u-image-1\" src=\"https:\/\/www.creatyves-chocolats.com\/wp-content\/uploads\/2026\/03\/truffescouleur.jpg\" alt=\"\" data-image-width=\"459\" data-image-height=\"520\">\n      <img decoding=\"async\" class=\"u-image u-image-default u-image-2\" src=\"https:\/\/www.creatyves-chocolats.com\/wp-content\/uploads\/2026\/03\/paniermontagelapingarni.jpg\" alt=\"\" data-image-width=\"2263\" data-image-height=\"1517\">\n      <img decoding=\"async\" class=\"u-image u-image-default u-image-3\" src=\"https:\/\/www.creatyves-chocolats.com\/wp-content\/uploads\/2026\/03\/paniermontagepoule.jpg\" alt=\"\" data-image-width=\"2263\" data-image-height=\"1517\">\n      <img decoding=\"async\" class=\"u-image u-image-default u-image-4\" src=\"https:\/\/www.creatyves-chocolats.com\/wp-content\/uploads\/2026\/03\/seriebonbons.jpg\" alt=\"\" data-image-width=\"4508\" data-image-height=\"832\">\n      <img decoding=\"async\" class=\"u-image u-image-default u-image-5\" src=\"https:\/\/www.creatyves-chocolats.com\/wp-content\/uploads\/2026\/03\/nicePlien1.jpg\" alt=\"\" data-image-width=\"295\" data-image-height=\"55\" data-href=\"https:\/\/www.creatyves-chocolats.com\/index.php\/pralines-16\/\" title=\"Pralines\">\n      <img decoding=\"async\" class=\"custom-expanded u-image u-image-default u-image-6\" src=\"https:\/\/www.creatyves-chocolats.com\/wp-content\/uploads\/2026\/03\/illustrationmultiple1.jpg\" alt=\"\" data-image-width=\"2476\" data-image-height=\"1428\">\n      <p class=\"u-align-center u-text u-text-3\"><span style=\"font-size: 0.875rem;\" class=\"u-text-white\">Illustrations non contractuelles&nbsp; &nbsp;&nbsp;<\/span>\n        <br>\n      <\/p>\n      <div class=\"u-expanded-width u-palette-3-dark-1 u-shape u-shape-rectangle u-shape-1\"><\/div>\n    <\/section>\n    \n    \n    \n    \n  \n","protected":false},"excerpt":{"rendered":"<p>Pour fondre de plaisir Le 5 avril&nbsp; 2026 c&rsquo;est d\u00e9j\u00e0 PAQUES !La f\u00eate du chocolat. Publication des nouvelles cr\u00e9ations &nbsp; R\u00e9servation indispensable avant le Lundi 2 mars 2026&nbsp; &nbsp; &nbsp; &nbsp; &nbsp; &nbsp; &nbsp; &nbsp; &nbsp; &nbsp; &nbsp;&nbsp; &nbsp; &nbsp; &nbsp; &nbsp; &nbsp; &nbsp; &nbsp; &nbsp; &nbsp; &nbsp; &nbsp; &nbsp; &nbsp; &nbsp; &nbsp; &nbsp; &nbsp; &hellip; <a href=\"https:\/\/www.creatyves-chocolats.com\/\" class=\"more-link\">Continue reading<span class=\"screen-reader-text\"> \u00ab\u00a0Accueil\u00a0\u00bb<\/span><\/a><\/p>\n","protected":false},"author":1,"featured_media":0,"parent":0,"menu_order":3,"comment_status":"closed","ping_status":"closed","template":"","meta":{"footnotes":""},"class_list":["post-1642","page","type-page","status-publish","hentry"],"_links":{"self":[{"href":"https:\/\/www.creatyves-chocolats.com\/index.php\/wp-json\/wp\/v2\/pages\/1642","targetHints":{"allow":["GET"]}}],"collection":[{"href":"https:\/\/www.creatyves-chocolats.com\/index.php\/wp-json\/wp\/v2\/pages"}],"about":[{"href":"https:\/\/www.creatyves-chocolats.com\/index.php\/wp-json\/wp\/v2\/types\/page"}],"author":[{"embeddable":true,"href":"https:\/\/www.creatyves-chocolats.com\/index.php\/wp-json\/wp\/v2\/users\/1"}],"replies":[{"embeddable":true,"href":"https:\/\/www.creatyves-chocolats.com\/index.php\/wp-json\/wp\/v2\/comments?post=1642"}],"version-history":[{"count":1,"href":"https:\/\/www.creatyves-chocolats.com\/index.php\/wp-json\/wp\/v2\/pages\/1642\/revisions"}],"predecessor-version":[{"id":1658,"href":"https:\/\/www.creatyves-chocolats.com\/index.php\/wp-json\/wp\/v2\/pages\/1642\/revisions\/1658"}],"wp:attachment":[{"href":"https:\/\/www.creatyves-chocolats.com\/index.php\/wp-json\/wp\/v2\/media?parent=1642"}],"curies":[{"name":"wp","href":"https:\/\/api.w.org\/{rel}","templated":true}]}}