{"id":1641,"date":"2026-03-01T20:16:59","date_gmt":"2026-03-01T20:16:59","guid":{"rendered":"https:\/\/www.creatyves-chocolats.com\/index.php\/choco-cards-16\/"},"modified":"2026-03-01T20:17:08","modified_gmt":"2026-03-01T20:17:08","slug":"choco-cards-16","status":"publish","type":"page","link":"https:\/\/www.creatyves-chocolats.com\/index.php\/choco-cards-16\/","title":{"rendered":"Choco-cards"},"content":{"rendered":"\n  \n    <section class=\"u-black u-clearfix u-section-1\" id=\"block-4\">\n      <p class=\"u-text u-text-default-md u-text-default-sm u-text-default-xs u-text-palette-3-dark-1 u-text-1\">Les choco-cards&nbsp;\u00ae<\/p>\n      <p class=\"u-align-left u-text u-text-default-lg u-text-default-xl u-text-2\"><span style=\"font-size: 1.875rem;\" class=\"u-text-palette-3-dark-1\"><span class=\"u-text-white\" style=\"\"><span style=\"font-size: 1.25rem;\">Vos \u00e9motions en chocolat avec vos photos&nbsp;et textes personnalis\u00e9s en couleur.<\/span>&nbsp;<\/span>\n          <br>\n          <br>\n          <br>\n          <br>\n          <br>\n          <br>Dites-le en chocolat<\/span>\n        <br>V\u200bos \u00e9motions en chocolat avec vos photos et textes&nbsp;personnalis\u00e9s en&nbsp;couleur. <br>Des cartes personnalis\u00e9es en chocolat&nbsp;pour tous les&nbsp;moments importants,&nbsp;<br>un message \u00e0 faire passer,&nbsp;un souvenir, un marque-place ou&nbsp;un support de<br>communication&nbsp;original et exclusif !&nbsp; &nbsp; &nbsp; &nbsp; &nbsp; &nbsp; &nbsp; &nbsp; &nbsp; &nbsp; &nbsp; &nbsp; &nbsp; &nbsp; &nbsp; &nbsp; &nbsp; &nbsp; &nbsp; &nbsp; &nbsp; &nbsp; &nbsp; &nbsp; &nbsp; &nbsp; &nbsp; &nbsp; &nbsp; &nbsp; &nbsp; &nbsp; &nbsp; &nbsp; &nbsp; &nbsp; &nbsp; &nbsp; &nbsp; &nbsp; &nbsp; &nbsp; &nbsp; &nbsp; &nbsp; &nbsp; &nbsp; &nbsp;&nbsp; &nbsp; &nbsp; &nbsp; &nbsp; &nbsp; &nbsp; &nbsp;&nbsp;<br>\n        <br>\n        <br>\n        <br>\n        <br>\n        <br>\n        <br>\n        <br>Pr\u00e9sentation en coffret-cadeau par 8 ou en emballage individuel&nbsp;transparent.&nbsp;<br>- Commande minimum 8 choco-cards&nbsp;avec vos photos, textes et illustrations.&nbsp; &nbsp; &nbsp; &nbsp; &nbsp; &nbsp; &nbsp; &nbsp; &nbsp; &nbsp; &nbsp; &nbsp; &nbsp; &nbsp; &nbsp;<br>- Fabrication \u00e0 la commande par&nbsp;<br>multiple de 8.&nbsp;<br>- Le transfert se fait sur un chocolat blanc de couleur naturelle Ivoire,&nbsp;\u00abjaune clair\u00bb.&nbsp;<br>(les zones blanches&nbsp;et transparentes seront de la teinte du chocolat).&nbsp;&nbsp;<br>- Aucune utilisation de colorant blanc&nbsp; &nbsp;E171 !<br>Ce proc\u00e9d\u00e9 manuel implique des modifications de teinte et de nettet\u00e9 dues au chocolat.&nbsp;<br>Les illustrations ne sont donc pas contractuelles.&nbsp;<br>D\u00e9lais environ 10 jours apr\u00e8s le bon \u00e0 tirer et selon la&nbsp; quantit\u00e9&nbsp; command\u00e9e.<span style=\"font-size: 1.875rem;\" class=\"u-text-palette-3-dark-1\">\n          <br>\n          <br>\n          <br>\n          <br>\n          <br>\n          <br>\n          <br>\n          <br>\n          <br>Un anniversaire r\u00e9ussi !<br><\/span>Offrez une Choco-Cards \u00ae \u00e0 emporter en souvenir \u00e0 chacun de vos invit\u00e9s. <br>Offrez une bo\u00eete de Choco-Cards avec vos photos, textes et illustrations. <br> Pr\u00e9sentez les choco-cards en marque-place avec le pr\u00e9nom de chaque invit\u00e9 !<br>\n        <br>\n        <br><span style=\"font-size: 1.875rem;\" class=\"u-text-palette-3-dark-1\">\n          <br>\n          <br>\n          <br>\n          <br>- Bapt\u00eame ou Baby shower<\/span>\n        <br>Un souvenir inoubliable en Choco-cards \u00ae<br>\n        <br><span style=\"font-size: 1.875rem;\" class=\"u-text-palette-3-dark-1\">\n          <br>\n          <br>\n          <br>\n          <br>\n          <br> - Pour un mariage unique<\/span>\n        <br>Les choco-cards&nbsp;\u00ae seront sur votre table en tant que marque-place et en souvenir<br>\n        <br>\n        <br>\n        <br><span style=\"font-size: 1.875rem;\" class=\"u-text-palette-3-dark-1\">\n          <br>\n          <br>\n          <br>-&nbsp; Choco-cards pour dire \"bonne f\u00eate\"<\/span>\n        <br> Une d\u00e9licieuse attention, fleurs ou chocolats? Les fleurs se fanent\u2026<br>\n        <br><span class=\"u-text-palette-3-dark-1\" style=\"font-size: 1.875rem;\">\n          <br>\n          <br>\n          <br>\n          <br>\n          <br>- Pour P\u00e2ques ou pour No\u00ebl<\/span>\n        <br>Offrez un coffret th\u00e9matique de choco-cards&nbsp;\u00ae<br>\n        <br><span class=\"u-text-palette-3-dark-1\" style=\"font-size: 1.875rem;\">\n          <br>\n          <br>\n          <br>\n          <br>- Dites Merci en choco-cards&nbsp;\u00ae<\/span>\n        <br>Remerciez la Ma\u00eetresse en fin d'ann\u00e9e, remerciez pour un service, remerciez vos invit\u00e9s d'\u00eatre venus...<br>\n        <br><span style=\"font-size: 1.875rem;\" class=\"u-text-palette-3-dark-1\">\n          <br>\n          <br>\n          <br>\n          <br>\n          <br>\n          <br>- Pour votre entreprise, votre association.<br><\/span>Une fa\u00e7on originale de communiquer et de se d\u00e9marquer lors d'une manifestation<br>\n        <br><span class=\"u-text-palette-3-dark-1\" style=\"font-size: 1.875rem;\">\n          <br>\n          <br>\n          <br>\n          <br>\n          <br>- Les plus beaux souvenirs en Choco-cards&nbsp;\u00ae<\/span>\n        <br>Sites touristiques, Mus\u00e9es etc<br>\n        <br><span class=\"u-text-palette-3-dark-1\" style=\"font-size: 1.875rem;\">\n          <br>\n          <br>\n          <br>\n          <br>\n          <br>\n          <br>- Vous \u00eates un vrai fan ? Fan d'un chanteur, un collectionneur?<\/span>\n        <br>Tout est possible en choco-cards&nbsp;\u00ae<br>\n        <br>\n        <br>\n        <br>\n        <br>\n        <br>\n        <br>\n        <br>\n        <br>\n        <br>\n        <br>\n        <br>Les choco-cards \u00ae se personnalisent pour toutes vos occasion, n'h\u00e9sitez pas \u00e0 consulter la galerie et \u00e0 vous renseigner.<br>\n        <br>Retrouvez des id\u00e9es pour chacun des th\u00e8mes dans la galerie. Renseignez-vous.<br>\n        <br>\n      <\/p>\n      <div class=\"custom-expanded u-align-left u-video u-video-1\">\n        <div class=\"embed-responsive embed-responsive-1\">\n          <iframe style=\"position: absolute;top: 0;left: 0;width: 100%;height: 100%;\" class=\"embed-responsive-item\" data-src=\"https:\/\/www.youtube.com\/embed\/pIKgnM0I9LQ?mute=0&amp;showinfo=0&amp;controls=0&amp;start=0\" data-poster=\"https:\/\/www.creatyves-chocolats.com\/wp-content\/uploads\/2026\/03\/boutiquehautdepage-1.jpg\" frameborder=\"0\" allowfullscreen=\"\"><\/iframe>\n          <button class=\"u-video-poster u-video-poster-1\" data-src=\"https:\/\/www.creatyves-chocolats.com\/wp-content\/uploads\/2026\/03\/boutiquehautdepage-1.jpg\" style=\"background-image: url(&quot;https:\/\/www.creatyves-chocolats.com\/wp-content\/uploads\/2026\/03\/boutiquehautdepage-1.jpg&quot;);\"><\/button>\n        <\/div>\n      <\/div>\n      <img decoding=\"async\" class=\"u-image u-image-default u-image-1\" src=\"https:\/\/www.creatyves-chocolats.com\/wp-content\/uploads\/2026\/03\/choco-cardspresentation.jpg\" alt=\"\" data-image-width=\"666\" data-image-height=\"600\">\n      <img decoding=\"async\" class=\"custom-expanded u-image u-image-default u-image-2\" src=\"https:\/\/www.creatyves-chocolats.com\/wp-content\/uploads\/2026\/03\/SERIEPERENOELNEIGE.jpg\" alt=\"\" data-image-width=\"3129\" data-image-height=\"1263\">\n      <img decoding=\"async\" class=\"custom-expanded u-image u-image-default u-image-3\" src=\"https:\/\/www.creatyves-chocolats.com\/wp-content\/uploads\/2026\/03\/BOITEMARIAGE2.jpg\" alt=\"\" data-image-width=\"3129\" data-image-height=\"1263\">\n      <img decoding=\"async\" class=\"custom-expanded u-image u-image-default u-image-4\" src=\"https:\/\/www.creatyves-chocolats.com\/wp-content\/uploads\/2026\/03\/FACTICEBOITEPUBPECHERIES27-10-23.jpg\" alt=\"\" data-image-width=\"1920\" data-image-height=\"775\">\n      <img decoding=\"async\" class=\"custom-expanded u-image u-image-default u-image-5\" src=\"https:\/\/www.creatyves-chocolats.com\/wp-content\/uploads\/2026\/03\/JBGUEGANBOITECHOCO-CARDS.jpg\" alt=\"\" data-image-width=\"1920\" data-image-height=\"775\">\n      <img decoding=\"async\" class=\"custom-expanded u-image u-image-default u-image-6\" src=\"https:\/\/www.creatyves-chocolats.com\/wp-content\/uploads\/2026\/03\/anniversaireserie1.jpg\" alt=\"\" data-image-width=\"3508\" data-image-height=\"1416\">\n      <img decoding=\"async\" class=\"u-image u-image-default u-image-7\" src=\"https:\/\/www.creatyves-chocolats.com\/wp-content\/uploads\/2026\/03\/cartespresentationcouleur-1.jpg\" alt=\"\" data-image-width=\"1498\" data-image-height=\"961\">\n      <img decoding=\"async\" class=\"custom-expanded u-image u-image-contain u-image-default u-image-8\" src=\"https:\/\/www.creatyves-chocolats.com\/wp-content\/uploads\/2026\/03\/SERIE1ALSACE.jpg\" alt=\"\" data-image-width=\"3318\" data-image-height=\"1660\">\n      <img decoding=\"async\" class=\"custom-expanded u-image u-image-default u-image-9\" src=\"https:\/\/www.creatyves-chocolats.com\/wp-content\/uploads\/2026\/03\/mixnaissance.jpg\" alt=\"\" data-image-width=\"3129\" data-image-height=\"1263\">\n      <img decoding=\"async\" class=\"custom-expanded u-image u-image-default u-image-10\" src=\"https:\/\/www.creatyves-chocolats.com\/wp-content\/uploads\/2026\/03\/mixfetes.jpg\" alt=\"\" data-image-width=\"3129\" data-image-height=\"1263\">\n      <img decoding=\"async\" class=\"custom-expanded u-image u-image-default u-image-11\" src=\"https:\/\/www.creatyves-chocolats.com\/wp-content\/uploads\/2026\/03\/mixmerci.jpg\" alt=\"\" data-image-width=\"3129\" data-image-height=\"1263\">\n      <div class=\"u-expanded-width u-palette-3-dark-1 u-shape u-shape-rectangle u-shape-1\"><\/div>\n    <\/section>\n    \n    \n    \n    \n  \n","protected":false},"excerpt":{"rendered":"<p>Les choco-cards&nbsp;\u00ae Vos \u00e9motions en chocolat avec vos photos&nbsp;et textes personnalis\u00e9s en couleur.&nbsp; Dites-le en chocolat V\u200bos \u00e9motions en chocolat avec vos photos et textes&nbsp;personnalis\u00e9s en&nbsp;couleur. Des cartes personnalis\u00e9es en chocolat&nbsp;pour tous les&nbsp;moments importants,&nbsp;un message \u00e0 faire passer,&nbsp;un souvenir, un marque-place ou&nbsp;un support decommunication&nbsp;original et exclusif !&nbsp; &nbsp; &nbsp; &nbsp; &nbsp; &nbsp; &nbsp; &nbsp; &nbsp; &hellip; <a href=\"https:\/\/www.creatyves-chocolats.com\/index.php\/choco-cards-16\/\" class=\"more-link\">Continue reading<span class=\"screen-reader-text\"> \u00ab\u00a0Choco-cards\u00a0\u00bb<\/span><\/a><\/p>\n","protected":false},"author":1,"featured_media":0,"parent":0,"menu_order":2,"comment_status":"closed","ping_status":"closed","template":"","meta":{"footnotes":""},"class_list":["post-1641","page","type-page","status-publish","hentry"],"_links":{"self":[{"href":"https:\/\/www.creatyves-chocolats.com\/index.php\/wp-json\/wp\/v2\/pages\/1641","targetHints":{"allow":["GET"]}}],"collection":[{"href":"https:\/\/www.creatyves-chocolats.com\/index.php\/wp-json\/wp\/v2\/pages"}],"about":[{"href":"https:\/\/www.creatyves-chocolats.com\/index.php\/wp-json\/wp\/v2\/types\/page"}],"author":[{"embeddable":true,"href":"https:\/\/www.creatyves-chocolats.com\/index.php\/wp-json\/wp\/v2\/users\/1"}],"replies":[{"embeddable":true,"href":"https:\/\/www.creatyves-chocolats.com\/index.php\/wp-json\/wp\/v2\/comments?post=1641"}],"version-history":[{"count":1,"href":"https:\/\/www.creatyves-chocolats.com\/index.php\/wp-json\/wp\/v2\/pages\/1641\/revisions"}],"predecessor-version":[{"id":1657,"href":"https:\/\/www.creatyves-chocolats.com\/index.php\/wp-json\/wp\/v2\/pages\/1641\/revisions\/1657"}],"wp:attachment":[{"href":"https:\/\/www.creatyves-chocolats.com\/index.php\/wp-json\/wp\/v2\/media?parent=1641"}],"curies":[{"name":"wp","href":"https:\/\/api.w.org\/{rel}","templated":true}]}}