{"id":1640,"date":"2026-03-01T20:16:58","date_gmt":"2026-03-01T20:16:58","guid":{"rendered":"https:\/\/www.creatyves-chocolats.com\/index.php\/actualites-16\/"},"modified":"2026-03-01T20:17:08","modified_gmt":"2026-03-01T20:17:08","slug":"actualites-16","status":"publish","type":"page","link":"https:\/\/www.creatyves-chocolats.com\/index.php\/actualites-16\/","title":{"rendered":"Actualit\u00e9s"},"content":{"rendered":"\n  \n    <section class=\"u-align-center u-clearfix u-container-align-center u-container-align-center-lg u-container-align-center-md u-container-align-center-sm u-container-align-center-xl u-valign-bottom-lg u-valign-bottom-sm u-section-1\" id=\"sec-9ab9\" data-href=\"https:\/\/www.creatyves-chocolats.com\/index.php\/actualites-16\/\" title=\"Actualit\u00e9s\">\n      <h1 class=\"u-align-left u-text u-text-palette-3-dark-1 u-text-1\"> Actualit\u00e9s Choco-Ne\u200bws<\/h1>\n      <img decoding=\"async\" class=\"u-image u-image-contain u-image-default u-image-1\" src=\"https:\/\/www.creatyves-chocolats.com\/wp-content\/uploads\/2026\/03\/logochoconews.jpg\" alt=\"\" data-image-width=\"1576\" data-image-height=\"1676\">\n      <p class=\"u-align-left u-text u-text-2\"><span style=\"font-size: 1.5rem;\" class=\"u-text-palette-3-dark-1\">\n          <br>Un nouveau site ?<\/span>\n        <br><span style=\"font-size: 0.875rem;\">Le site Choco-cards est abandonn\u00e9&nbsp;<br>au profit de&nbsp;<\/span><span style=\"font-size: 0.875rem;\"> https:\/\/www.creatyves-chocolats.com&nbsp;<br>pour mieux mettre en valeur&nbsp;l'ensemble des r\u00e9alisations.&nbsp;<br>D\u00e9couvrez un site tout neuf avec&nbsp; un nouveau visuel.<br>Creatyves-chocolats s'affiche d\u00e9sormais sous son nom d'origine avec un h\u00e9bergement s\u00e9curis\u00e9 en SSL&nbsp;&nbsp;chez l'h\u00e9bergeur OVH.<br>\n          <br><span style=\"font-weight: 700;\">Retrouvez-nous d\u00e9sormais ici :&nbsp;&nbsp;<\/span>\n          <br>https:\/\/www.creatyves-chocolats.com .&nbsp;&nbsp;<br><\/span><span style=\"font-size: 1.25rem;\"><span style=\"font-size: 0.875rem;\">Mail: contact@creatyves-chocolats.com&nbsp;<\/span>&nbsp;<\/span>\n        <br>\n        <br>\n        <br><span style=\"font-size: 1.5rem;\" class=\"u-text-palette-3-dark-1\">Creatyves, l'invit\u00e9 de la radio&nbsp;Ici Alsace<\/span>&nbsp; &nbsp; &nbsp; &nbsp; &nbsp; &nbsp; &nbsp; &nbsp; &nbsp; &nbsp; &nbsp; &nbsp; &nbsp; &nbsp; &nbsp; &nbsp; &nbsp; &nbsp; &nbsp; &nbsp; &nbsp; &nbsp; &nbsp; &nbsp; &nbsp; &nbsp; &nbsp; &nbsp; &nbsp; &nbsp; &nbsp; &nbsp; &nbsp; &nbsp; &nbsp; &nbsp; &nbsp; &nbsp; &nbsp; &nbsp; &nbsp; &nbsp; &nbsp; &nbsp; &nbsp; &nbsp; &nbsp; &nbsp; &nbsp; &nbsp; &nbsp; &nbsp; &nbsp; &nbsp; &nbsp; &nbsp; &nbsp; &nbsp; &nbsp; &nbsp; &nbsp; &nbsp; &nbsp; &nbsp; &nbsp; &nbsp; &nbsp; &nbsp; &nbsp; &nbsp; &nbsp; &nbsp; &nbsp; &nbsp; &nbsp; &nbsp; &nbsp; &nbsp; &nbsp; &nbsp; &nbsp; &nbsp; &nbsp; &nbsp; &nbsp; &nbsp; &nbsp; &nbsp; &nbsp; &nbsp; &nbsp; &nbsp; &nbsp; &nbsp; &nbsp; &nbsp; &nbsp; &nbsp; &nbsp; &nbsp; &nbsp; &nbsp; &nbsp; &nbsp; &nbsp; &nbsp; &nbsp; &nbsp; &nbsp; &nbsp; &nbsp; &nbsp; &nbsp; &nbsp; &nbsp; &nbsp; &nbsp; &nbsp; &nbsp; &nbsp; &nbsp; &nbsp; &nbsp; &nbsp;&nbsp;<br>&nbsp; &nbsp; &nbsp; &nbsp; &nbsp; &nbsp; &nbsp; &nbsp; &nbsp; &nbsp; &nbsp; &nbsp; &nbsp;<br><span style=\"font-size: 0.875rem;\">- D\u00e9couvrez le podcast de l'\u00e9mission d'Yzabel Chalaye.<br>- D'o\u00f9 vous vient cette passion du chocolat?<br>- Quel est votre parcours ?<br>- O\u00f9 cherchez-vous vos inspirations pour vos chocolats tr\u00e8s originaux?&nbsp;<br>Ecoutez ici le podcast de&nbsp; \"Bienvenue chez vous: on passe en cuisine\" ...&nbsp;<br>enfin au labo pour moi !&nbsp;<\/span>\n        <br>\n        <br>\n        <br><span style=\"font-size: 1.5rem;\" class=\"u-text-palette-3-dark-1\">C'est l'\u00e9t\u00e9,&nbsp;le moment de chercher l'inspiration&nbsp;<\/span>\n        <br><span style=\"font-size: 0.875rem;\">Pour chaque nouvelle collection de pralines, c'est au gr\u00e9 des balades que viennent les id\u00e9es et aussi en puisant dans mes&nbsp;<br>\"Arch'Yves et mes Grimoires\".<br>Un march\u00e9 de province et des produits authentiques .... pourquoi ne pas faire une ganache, une cr\u00e8me et encore une id\u00e9e...<br>La prochaine collection de pralines pour No\u00ebl se fera avec mes incontournables, des amandes et des noisettes, des saveurs d'agrumes et des originalit\u00e9s mais pas d'excentricit\u00e9!<br>Juste fondre de plaisir pour faire plaisir. Des chocolats \u00e0 offrir et \u00e0 s'offrir pour fondre de plaisir.<\/span>\n        <br>&nbsp;<br>\n        <br><span class=\"u-text-palette-3-dark-1\" style=\"font-size: 1.5rem;\">Duba\u00ef or not Duba\u00ef<\/span>\n        <br><span style=\"font-size: 0.875rem;\">En fonction des ingr\u00e9dients il y a du bon, du tr\u00e8s bon et le reste.&nbsp; Pour r\u00e9aliser mes chocolats comme \u00e0 Duba\u00ef, j'utilise&nbsp; du chocolat de couverture pur beurre de cacao et beaucoup de p\u00e2te de pistache,&nbsp; sans oublier le fameux Kunfa.&nbsp;<br>Aujourd'hui la vraie recette avec les meilleurs ingr\u00e9dients se perd dans les imitations et ce chocolat est un effet de mode qui fait augmenter les cours de la pistache... Alors Duba\u00ef or not Duba\u00ef ?<\/span>\n        <br>\n        <br><span style=\"font-size: 1.5rem;\" class=\"u-text-palette-3-dark-1\">Le cours du cacao<\/span>\n        <br><span style=\"font-size: 0.875rem;\">H\u00e9las les conditions climatiques mais aussi la sp\u00e9culation ont fait augmenter le prix du chocolat de fa\u00e7on \u00e9norme.&nbsp;<br>Il faut maintenant esp\u00e9rer que les prix resteront stables et n'augmenteront plus car les artisans chocolatiers ne pourront pas faire face.<br>F\u00e9vrier 2026:<br>Les consommateurs ont boud\u00e9s les prix \u00e9lev\u00e9s , les r\u00e9coltes 2025 ont \u00e9t\u00e9 bonnes alors le cours du cacao devrait baisser et pour fin 2026,&nbsp; les grossistes devraient enfin revoir les prix.&nbsp; Il faut encore attendre un peu pour des tarifs plus raisonnables du chocolat Ouf !<\/span>\n        <br>\n        <br>\n        <br>\n        <br>\n        <br>\n        <br>\n      <\/p>\n      <img decoding=\"async\" class=\"u-image u-image-default u-image-2\" src=\"https:\/\/www.creatyves-chocolats.com\/wp-content\/uploads\/2026\/03\/studiicialsace.jpg\" alt=\"\" data-image-width=\"960\" data-image-height=\"640\" data-href=\"https:\/\/youtu.be\/vddckHSJGaI \" title=\"podcast ici Alsace\" data-target=\"_blank\">\n      <h1 class=\"u-align-left u-text u-text-custom-color-4 u-text-3\">\n        <a class=\"u-active-none u-border-none u-btn u-button-link u-button-style u-hover-none u-none u-text-palette-1-base u-btn-1\" href=\"https:\/\/youtu.be\/vddckHSJGaI \">Cliquez ici &gt;<\/a>\n      <\/h1>\n      <div class=\"u-expanded-width u-palette-3-dark-1 u-shape u-shape-rectangle u-shape-1\"><\/div>\n    <\/section>\n    \n    \n    \n    \n  \n","protected":false},"excerpt":{"rendered":"<p>Actualit\u00e9s Choco-Ne\u200bws Un nouveau site ? Le site Choco-cards est abandonn\u00e9&nbsp;au profit de&nbsp; https:\/\/www.creatyves-chocolats.com&nbsp;pour mieux mettre en valeur&nbsp;l&rsquo;ensemble des r\u00e9alisations.&nbsp;D\u00e9couvrez un site tout neuf avec&nbsp; un nouveau visuel.Creatyves-chocolats s&rsquo;affiche d\u00e9sormais sous son nom d&rsquo;origine avec un h\u00e9bergement s\u00e9curis\u00e9 en SSL&nbsp;&nbsp;chez l&rsquo;h\u00e9bergeur OVH. Retrouvez-nous d\u00e9sormais ici :&nbsp;&nbsp; https:\/\/www.creatyves-chocolats.com .&nbsp;&nbsp;Mail: contact@creatyves-chocolats.com&nbsp;&nbsp; Creatyves, l&rsquo;invit\u00e9 de la radio&nbsp;Ici Alsace&nbsp; &hellip; <a href=\"https:\/\/www.creatyves-chocolats.com\/index.php\/actualites-16\/\" class=\"more-link\">Continue reading<span class=\"screen-reader-text\"> \u00ab\u00a0Actualit\u00e9s\u00a0\u00bb<\/span><\/a><\/p>\n","protected":false},"author":1,"featured_media":0,"parent":0,"menu_order":1,"comment_status":"closed","ping_status":"closed","template":"","meta":{"footnotes":""},"class_list":["post-1640","page","type-page","status-publish","hentry"],"_links":{"self":[{"href":"https:\/\/www.creatyves-chocolats.com\/index.php\/wp-json\/wp\/v2\/pages\/1640","targetHints":{"allow":["GET"]}}],"collection":[{"href":"https:\/\/www.creatyves-chocolats.com\/index.php\/wp-json\/wp\/v2\/pages"}],"about":[{"href":"https:\/\/www.creatyves-chocolats.com\/index.php\/wp-json\/wp\/v2\/types\/page"}],"author":[{"embeddable":true,"href":"https:\/\/www.creatyves-chocolats.com\/index.php\/wp-json\/wp\/v2\/users\/1"}],"replies":[{"embeddable":true,"href":"https:\/\/www.creatyves-chocolats.com\/index.php\/wp-json\/wp\/v2\/comments?post=1640"}],"version-history":[{"count":1,"href":"https:\/\/www.creatyves-chocolats.com\/index.php\/wp-json\/wp\/v2\/pages\/1640\/revisions"}],"predecessor-version":[{"id":1656,"href":"https:\/\/www.creatyves-chocolats.com\/index.php\/wp-json\/wp\/v2\/pages\/1640\/revisions\/1656"}],"wp:attachment":[{"href":"https:\/\/www.creatyves-chocolats.com\/index.php\/wp-json\/wp\/v2\/media?parent=1640"}],"curies":[{"name":"wp","href":"https:\/\/api.w.org\/{rel}","templated":true}]}}